{"id":386,"date":"2017-03-17T19:41:25","date_gmt":"2017-03-17T18:41:25","guid":{"rendered":"https:\/\/www.actalsace.fr\/les-membres\/"},"modified":"2023-10-30T17:39:43","modified_gmt":"2023-10-30T16:39:43","slug":"members","status":"publish","type":"page","link":"https:\/\/www.actalsace.fr\/en\/members\/","title":{"rendered":"Members"},"content":{"rendered":"<p>Alsace Crus Terroirs was created in November 2015 and brings together winegrowers wishing to join forces around a common conviction: to work towards the construction of a true renaissance of the prestigious Terroirs of Alsace.<\/p>\n","protected":false},"excerpt":{"rendered":"<p>Alsace Crus Terroirs was created in November 2015 and brings together winegrowers wishing to join forces around a common conviction: to work towards the construction of a true renaissance of [&hellip;]<\/p>\n","protected":false},"author":2,"featured_media":0,"parent":0,"menu_order":15,"comment_status":"closed","ping_status":"closed","template":"template-membre.php","meta":{"_acf_changed":false,"footnotes":""},"class_list":["post-386","page","type-page","status-publish","hentry","wp-sticky"],"acf":[],"yoast_head":"<!-- This site is optimized with the Yoast SEO plugin v27.4 - https:\/\/yoast.com\/product\/yoast-seo-wordpress\/ -->\n<title>Members<\/title>\n<meta name=\"description\" content=\"19 familles de vignerons alsaciens : Sophie, Maxime et Genevi\u00e8ve Barm\u00e8s Buecher, Jean Boxler, Val\u00e9rie et Jean-Christophe Bott, C\u00e9line et Isabelle Meyer, Thierry et Eric Kientzler, Samuel Tottoli, Antoine Kreydenweiss, Caroline et Etienne Loew, Jacky, Antoine, Marie-Th\u00e9r\u00e8se, Marie-Claire, Maurice et Pauline Barthelme, F\u00e9lix et Aura Meyer, Thomas et V\u00e9ronique Mur\u00e9, Andr\u00e9 et Arthur Ostertag, S\u00e9verine et Thomas Schlumberger, Alexandre Schoffit, Pierre, Jean-Louis et Andr\u00e9e Trapet, Pierre, Anne, Julien, Fr\u00e9d\u00e9rique et Jean Trimbach, Th\u00e9o, Catherine et Eddy Faller, Olivier et Pierre-Emile Humbrecht, Jean-Paul et Marie Zusslin\" \/>\n<meta name=\"robots\" content=\"index, follow, max-snippet:-1, max-image-preview:large, max-video-preview:-1\" \/>\n<link rel=\"canonical\" href=\"https:\/\/www.actalsace.fr\/en\/members\/\" \/>\n<meta property=\"og:locale\" content=\"en_US\" \/>\n<meta property=\"og:type\" content=\"article\" \/>\n<meta property=\"og:title\" content=\"Members\" \/>\n<meta property=\"og:description\" content=\"19 familles de vignerons alsaciens : Sophie, Maxime et Genevi\u00e8ve Barm\u00e8s Buecher, Jean Boxler, Val\u00e9rie et Jean-Christophe Bott, C\u00e9line et Isabelle Meyer, Thierry et Eric Kientzler, Samuel Tottoli, Antoine Kreydenweiss, Caroline et Etienne Loew, Jacky, Antoine, Marie-Th\u00e9r\u00e8se, Marie-Claire, Maurice et Pauline Barthelme, F\u00e9lix et Aura Meyer, Thomas et V\u00e9ronique Mur\u00e9, Andr\u00e9 et Arthur Ostertag, S\u00e9verine et Thomas Schlumberger, Alexandre Schoffit, Pierre, Jean-Louis et Andr\u00e9e Trapet, Pierre, Anne, Julien, Fr\u00e9d\u00e9rique et Jean Trimbach, Th\u00e9o, Catherine et Eddy Faller, Olivier et Pierre-Emile Humbrecht, Jean-Paul et Marie Zusslin\" \/>\n<meta property=\"og:url\" content=\"https:\/\/www.actalsace.fr\/en\/members\/\" \/>\n<meta property=\"og:site_name\" content=\"ACT Alsace\" \/>\n<meta property=\"article:modified_time\" content=\"2023-10-30T16:39:43+00:00\" \/>\n<meta name=\"twitter:card\" content=\"summary_large_image\" \/>\n<script type=\"application\/ld+json\" class=\"yoast-schema-graph\">{\"@context\":\"https:\\\/\\\/schema.org\",\"@graph\":[{\"@type\":\"WebPage\",\"@id\":\"https:\\\/\\\/www.actalsace.fr\\\/en\\\/members\\\/\",\"url\":\"https:\\\/\\\/www.actalsace.fr\\\/en\\\/members\\\/\",\"name\":\"Members\",\"isPartOf\":{\"@id\":\"https:\\\/\\\/www.actalsace.fr\\\/en\\\/#website\"},\"datePublished\":\"2017-03-17T18:41:25+00:00\",\"dateModified\":\"2023-10-30T16:39:43+00:00\",\"description\":\"19 familles de vignerons alsaciens : Sophie, Maxime et Genevi\u00e8ve Barm\u00e8s Buecher, Jean Boxler, Val\u00e9rie et Jean-Christophe Bott, C\u00e9line et Isabelle Meyer, Thierry et Eric Kientzler, Samuel Tottoli, Antoine Kreydenweiss, Caroline et Etienne Loew, Jacky, Antoine, Marie-Th\u00e9r\u00e8se, Marie-Claire, Maurice et Pauline Barthelme, F\u00e9lix et Aura Meyer, Thomas et V\u00e9ronique Mur\u00e9, Andr\u00e9 et Arthur Ostertag, S\u00e9verine et Thomas Schlumberger, Alexandre Schoffit, Pierre, Jean-Louis et Andr\u00e9e Trapet, Pierre, Anne, Julien, Fr\u00e9d\u00e9rique et Jean Trimbach, Th\u00e9o, Catherine et Eddy Faller, Olivier et Pierre-Emile Humbrecht, Jean-Paul et Marie Zusslin\",\"breadcrumb\":{\"@id\":\"https:\\\/\\\/www.actalsace.fr\\\/en\\\/members\\\/#breadcrumb\"},\"inLanguage\":\"en-US\",\"potentialAction\":[{\"@type\":\"ReadAction\",\"target\":[\"https:\\\/\\\/www.actalsace.fr\\\/en\\\/members\\\/\"]}]},{\"@type\":\"BreadcrumbList\",\"@id\":\"https:\\\/\\\/www.actalsace.fr\\\/en\\\/members\\\/#breadcrumb\",\"itemListElement\":[{\"@type\":\"ListItem\",\"position\":1,\"name\":\"Home\",\"item\":\"https:\\\/\\\/www.actalsace.fr\\\/en\\\/\"},{\"@type\":\"ListItem\",\"position\":2,\"name\":\"Members\"}]},{\"@type\":\"WebSite\",\"@id\":\"https:\\\/\\\/www.actalsace.fr\\\/en\\\/#website\",\"url\":\"https:\\\/\\\/www.actalsace.fr\\\/en\\\/\",\"name\":\"ACT Alsace\",\"description\":\"Alsace, Crus &amp; Terroirs\",\"publisher\":{\"@id\":\"https:\\\/\\\/www.actalsace.fr\\\/en\\\/#organization\"},\"potentialAction\":[{\"@type\":\"SearchAction\",\"target\":{\"@type\":\"EntryPoint\",\"urlTemplate\":\"https:\\\/\\\/www.actalsace.fr\\\/en\\\/?s={search_term_string}\"},\"query-input\":{\"@type\":\"PropertyValueSpecification\",\"valueRequired\":true,\"valueName\":\"search_term_string\"}}],\"inLanguage\":\"en-US\"},{\"@type\":\"Organization\",\"@id\":\"https:\\\/\\\/www.actalsace.fr\\\/en\\\/#organization\",\"name\":\"Alsace Crus et Terroirs\",\"url\":\"https:\\\/\\\/www.actalsace.fr\\\/en\\\/\",\"logo\":{\"@type\":\"ImageObject\",\"inLanguage\":\"en-US\",\"@id\":\"https:\\\/\\\/www.actalsace.fr\\\/en\\\/#\\\/schema\\\/logo\\\/image\\\/\",\"url\":\"https:\\\/\\\/www.actalsace.fr\\\/wp-inside\\\/uploads\\\/2020\\\/08\\\/logo-act.png\",\"contentUrl\":\"https:\\\/\\\/www.actalsace.fr\\\/wp-inside\\\/uploads\\\/2020\\\/08\\\/logo-act.png\",\"width\":120,\"height\":70,\"caption\":\"Alsace Crus et Terroirs\"},\"image\":{\"@id\":\"https:\\\/\\\/www.actalsace.fr\\\/en\\\/#\\\/schema\\\/logo\\\/image\\\/\"}}]}<\/script>\n<!-- \/ Yoast SEO plugin. -->","yoast_head_json":{"title":"Members","description":"19 familles de vignerons alsaciens : Sophie, Maxime et Genevi\u00e8ve Barm\u00e8s Buecher, Jean Boxler, Val\u00e9rie et Jean-Christophe Bott, C\u00e9line et Isabelle Meyer, Thierry et Eric Kientzler, Samuel Tottoli, Antoine Kreydenweiss, Caroline et Etienne Loew, Jacky, Antoine, Marie-Th\u00e9r\u00e8se, Marie-Claire, Maurice et Pauline Barthelme, F\u00e9lix et Aura Meyer, Thomas et V\u00e9ronique Mur\u00e9, Andr\u00e9 et Arthur Ostertag, S\u00e9verine et Thomas Schlumberger, Alexandre Schoffit, Pierre, Jean-Louis et Andr\u00e9e Trapet, Pierre, Anne, Julien, Fr\u00e9d\u00e9rique et Jean Trimbach, Th\u00e9o, Catherine et Eddy Faller, Olivier et Pierre-Emile Humbrecht, Jean-Paul et Marie Zusslin","robots":{"index":"index","follow":"follow","max-snippet":"max-snippet:-1","max-image-preview":"max-image-preview:large","max-video-preview":"max-video-preview:-1"},"canonical":"https:\/\/www.actalsace.fr\/en\/members\/","og_locale":"en_US","og_type":"article","og_title":"Members","og_description":"19 familles de vignerons alsaciens : Sophie, Maxime et Genevi\u00e8ve Barm\u00e8s Buecher, Jean Boxler, Val\u00e9rie et Jean-Christophe Bott, C\u00e9line et Isabelle Meyer, Thierry et Eric Kientzler, Samuel Tottoli, Antoine Kreydenweiss, Caroline et Etienne Loew, Jacky, Antoine, Marie-Th\u00e9r\u00e8se, Marie-Claire, Maurice et Pauline Barthelme, F\u00e9lix et Aura Meyer, Thomas et V\u00e9ronique Mur\u00e9, Andr\u00e9 et Arthur Ostertag, S\u00e9verine et Thomas Schlumberger, Alexandre Schoffit, Pierre, Jean-Louis et Andr\u00e9e Trapet, Pierre, Anne, Julien, Fr\u00e9d\u00e9rique et Jean Trimbach, Th\u00e9o, Catherine et Eddy Faller, Olivier et Pierre-Emile Humbrecht, Jean-Paul et Marie Zusslin","og_url":"https:\/\/www.actalsace.fr\/en\/members\/","og_site_name":"ACT Alsace","article_modified_time":"2023-10-30T16:39:43+00:00","twitter_card":"summary_large_image","schema":{"@context":"https:\/\/schema.org","@graph":[{"@type":"WebPage","@id":"https:\/\/www.actalsace.fr\/en\/members\/","url":"https:\/\/www.actalsace.fr\/en\/members\/","name":"Members","isPartOf":{"@id":"https:\/\/www.actalsace.fr\/en\/#website"},"datePublished":"2017-03-17T18:41:25+00:00","dateModified":"2023-10-30T16:39:43+00:00","description":"19 familles de vignerons alsaciens : Sophie, Maxime et Genevi\u00e8ve Barm\u00e8s Buecher, Jean Boxler, Val\u00e9rie et Jean-Christophe Bott, C\u00e9line et Isabelle Meyer, Thierry et Eric Kientzler, Samuel Tottoli, Antoine Kreydenweiss, Caroline et Etienne Loew, Jacky, Antoine, Marie-Th\u00e9r\u00e8se, Marie-Claire, Maurice et Pauline Barthelme, F\u00e9lix et Aura Meyer, Thomas et V\u00e9ronique Mur\u00e9, Andr\u00e9 et Arthur Ostertag, S\u00e9verine et Thomas Schlumberger, Alexandre Schoffit, Pierre, Jean-Louis et Andr\u00e9e Trapet, Pierre, Anne, Julien, Fr\u00e9d\u00e9rique et Jean Trimbach, Th\u00e9o, Catherine et Eddy Faller, Olivier et Pierre-Emile Humbrecht, Jean-Paul et Marie Zusslin","breadcrumb":{"@id":"https:\/\/www.actalsace.fr\/en\/members\/#breadcrumb"},"inLanguage":"en-US","potentialAction":[{"@type":"ReadAction","target":["https:\/\/www.actalsace.fr\/en\/members\/"]}]},{"@type":"BreadcrumbList","@id":"https:\/\/www.actalsace.fr\/en\/members\/#breadcrumb","itemListElement":[{"@type":"ListItem","position":1,"name":"Home","item":"https:\/\/www.actalsace.fr\/en\/"},{"@type":"ListItem","position":2,"name":"Members"}]},{"@type":"WebSite","@id":"https:\/\/www.actalsace.fr\/en\/#website","url":"https:\/\/www.actalsace.fr\/en\/","name":"ACT Alsace","description":"Alsace, Crus &amp; Terroirs","publisher":{"@id":"https:\/\/www.actalsace.fr\/en\/#organization"},"potentialAction":[{"@type":"SearchAction","target":{"@type":"EntryPoint","urlTemplate":"https:\/\/www.actalsace.fr\/en\/?s={search_term_string}"},"query-input":{"@type":"PropertyValueSpecification","valueRequired":true,"valueName":"search_term_string"}}],"inLanguage":"en-US"},{"@type":"Organization","@id":"https:\/\/www.actalsace.fr\/en\/#organization","name":"Alsace Crus et Terroirs","url":"https:\/\/www.actalsace.fr\/en\/","logo":{"@type":"ImageObject","inLanguage":"en-US","@id":"https:\/\/www.actalsace.fr\/en\/#\/schema\/logo\/image\/","url":"https:\/\/www.actalsace.fr\/wp-inside\/uploads\/2020\/08\/logo-act.png","contentUrl":"https:\/\/www.actalsace.fr\/wp-inside\/uploads\/2020\/08\/logo-act.png","width":120,"height":70,"caption":"Alsace Crus et Terroirs"},"image":{"@id":"https:\/\/www.actalsace.fr\/en\/#\/schema\/logo\/image\/"}}]}},"_links":{"self":[{"href":"https:\/\/www.actalsace.fr\/en\/wp-json\/wp\/v2\/pages\/386","targetHints":{"allow":["GET"]}}],"collection":[{"href":"https:\/\/www.actalsace.fr\/en\/wp-json\/wp\/v2\/pages"}],"about":[{"href":"https:\/\/www.actalsace.fr\/en\/wp-json\/wp\/v2\/types\/page"}],"author":[{"embeddable":true,"href":"https:\/\/www.actalsace.fr\/en\/wp-json\/wp\/v2\/users\/2"}],"replies":[{"embeddable":true,"href":"https:\/\/www.actalsace.fr\/en\/wp-json\/wp\/v2\/comments?post=386"}],"version-history":[{"count":6,"href":"https:\/\/www.actalsace.fr\/en\/wp-json\/wp\/v2\/pages\/386\/revisions"}],"predecessor-version":[{"id":1748,"href":"https:\/\/www.actalsace.fr\/en\/wp-json\/wp\/v2\/pages\/386\/revisions\/1748"}],"wp:attachment":[{"href":"https:\/\/www.actalsace.fr\/en\/wp-json\/wp\/v2\/media?parent=386"}],"curies":[{"name":"wp","href":"https:\/\/api.w.org\/{rel}","templated":true}]}}